{"id":731,"date":"2017-10-18T16:52:40","date_gmt":"2017-10-18T14:52:40","guid":{"rendered":"http:\/\/www.werkstaettchen.de\/wordpress\/?page_id=731"},"modified":"2025-11-19T20:17:00","modified_gmt":"2025-11-19T19:17:00","slug":"termine","status":"publish","type":"page","link":"https:\/\/www.werkstaettchen.de\/wordpress\/termine","title":{"rendered":"Termine"},"content":{"rendered":"\n<div class=\"wp-block-group has-very-light-gray-to-cyan-bluish-gray-gradient-background has-background is-layout-flow wp-block-group-is-layout-flow\">\n<p style=\"font-size:18px\"><strong>WERKST\u00c4TTCHEN-Termine<\/strong><\/p>\n\n\n\n<p>&nbsp;<\/p>\n<\/div>\n\n\n\n<p>Hier informiere ich Sie \u00fcber Kunsthandwerker-M\u00e4rkte und Ausstellungen, an denen das WERKST\u00c4TTCHEN teilnehmen wird.<\/p>\n\n\n\n<p>Ich w\u00fcrde mich freuen, Sie dann dort zu treffen!<\/p>\n\n\n\n<hr class=\"wp-block-separator has-alpha-channel-opacity\"\/>\n\n\n\n<p><strong>22. und 23. November 2025, <br>Adventsbasar und Buchausstellung im Philipp-Neri-Haus in 58809 Neuenrade<\/strong><\/p>\n\n\n\n<p>Zum traditionellen Adventsbasar laden die KFD Neuenrade und die Katholische \u00f6ffentliche B\u00fccherei (K\u00f6B) f\u00fcr Samstag, 22.11.2025 von 14:00 bis 18:00 Uhr und am Sonntag, 23.11.2025 von 10:45 bis 17:00 Uhr ein.<\/p>\n\n\n\n<p>Die KFD bietet eine gro\u00dfe Auswahl an adventlichen Gestecken, Dekoartikeln, Strickwaren, Marmeladen und selbst gebackenen Pl\u00e4tzchen an. Auch das WERKST\u00c4TTCHEN ist mit vielen neuen kunsthandwerklichen Artikeln dabei.  <\/p>\n\n\n\n<p>Ein Angebot an B\u00fcchern pr\u00e4sentiert das B\u00fccherei-Team. Ausgesuchte Medien werden kurzfristig verf\u00fcgbar sein und k\u00f6nnen dann w\u00e4hrend der \u00d6ffnungszeiten der B\u00fccherei im Philipp-Neri-Haus abgeholt werden.<\/p>\n\n\n\n<p>An beiden Tagen gibt es ein Kuchenb\u00fcfett. Waffeln, Kaffee und Tee erg\u00e4nzen das Angebot. <\/p>\n\n\n\n<p> <\/p>\n\n\n\n<hr class=\"wp-block-separator has-alpha-channel-opacity\"\/>\n\n\n\n<p><strong>5. bis 7. Dezember 2025, <br>Gr\u00fcnewalder Adventstraum im Schloss Gr\u00fcnewald in Solingen-Gr\u00e4frath<\/strong><\/p>\n\n\n\n<p>Am zweiten Advents-Wochenende nimmt das WERKST\u00c4TTCHEN mit vielen herbstlichen und weihnachtlichen Artikeln am Gr\u00fcnewalder Adventstraum teil. Ich w\u00fcrde mich freuen, Sie dort an meinem Stand begr\u00fc\u00dfen zu d\u00fcrfen!<\/p>\n\n\n\n<figure class=\"wp-block-image size-full\"><img loading=\"lazy\" decoding=\"async\" width=\"400\" height=\"600\" src=\"https:\/\/www.werkstaettchen.de\/wp-content\/uploads\/2025\/11\/Schloss-Gruenewald.png\" alt=\"\" class=\"wp-image-1447\" srcset=\"https:\/\/www.werkstaettchen.de\/wp-content\/uploads\/2025\/11\/Schloss-Gruenewald.png 400w, https:\/\/www.werkstaettchen.de\/wp-content\/uploads\/2025\/11\/Schloss-Gruenewald-333x500.png 333w\" sizes=\"auto, (max-width: 400px) 100vw, 400px\" \/><\/figure>\n\n\n\n<figure class=\"wp-block-image size-full\"><img loading=\"lazy\" decoding=\"async\" width=\"400\" height=\"564\" src=\"https:\/\/www.werkstaettchen.de\/wp-content\/uploads\/2025\/11\/Schloss-Gruenewald.jpg\" alt=\"\" class=\"wp-image-1451\" srcset=\"https:\/\/www.werkstaettchen.de\/wp-content\/uploads\/2025\/11\/Schloss-Gruenewald.jpg 400w, https:\/\/www.werkstaettchen.de\/wp-content\/uploads\/2025\/11\/Schloss-Gruenewald-355x500.jpg 355w\" sizes=\"auto, (max-width: 400px) 100vw, 400px\" \/><\/figure>\n\n\n\n<hr class=\"wp-block-separator has-alpha-channel-opacity\"\/>\n\n\n\n<p>Weitere Informationen zu weiteren M\u00e4rkten gibt es bald hier auf dieser Seite.<\/p>\n\n\n\n<p><\/p>\n","protected":false},"excerpt":{"rendered":"<p>WERKST\u00c4TTCHEN-Termine &nbsp; Hier informiere ich Sie \u00fcber Kunsthandwerker-M\u00e4rkte und Ausstellungen, an denen das WERKST\u00c4TTCHEN teilnehmen wird. Ich w\u00fcrde mich freuen, Sie dann dort zu treffen! 22. und 23. November 2025, Adventsbasar und Buchausstellung im Philipp-Neri-Haus in 58809 Neuenrade Zum traditionellen &#8230; <a class=\"more-link\" href=\"https:\/\/www.werkstaettchen.de\/wordpress\/termine\">Read More &raquo;<\/a><\/p>\n","protected":false},"author":1,"featured_media":0,"parent":0,"menu_order":4,"comment_status":"closed","ping_status":"closed","template":"no-sidebar.php","meta":{"footnotes":""},"class_list":["post-731","page","type-page","status-publish","hentry"],"_links":{"self":[{"href":"https:\/\/www.werkstaettchen.de\/wordpress\/wp-json\/wp\/v2\/pages\/731","targetHints":{"allow":["GET"]}}],"collection":[{"href":"https:\/\/www.werkstaettchen.de\/wordpress\/wp-json\/wp\/v2\/pages"}],"about":[{"href":"https:\/\/www.werkstaettchen.de\/wordpress\/wp-json\/wp\/v2\/types\/page"}],"author":[{"embeddable":true,"href":"https:\/\/www.werkstaettchen.de\/wordpress\/wp-json\/wp\/v2\/users\/1"}],"replies":[{"embeddable":true,"href":"https:\/\/www.werkstaettchen.de\/wordpress\/wp-json\/wp\/v2\/comments?post=731"}],"version-history":[{"count":178,"href":"https:\/\/www.werkstaettchen.de\/wordpress\/wp-json\/wp\/v2\/pages\/731\/revisions"}],"predecessor-version":[{"id":1457,"href":"https:\/\/www.werkstaettchen.de\/wordpress\/wp-json\/wp\/v2\/pages\/731\/revisions\/1457"}],"wp:attachment":[{"href":"https:\/\/www.werkstaettchen.de\/wordpress\/wp-json\/wp\/v2\/media?parent=731"}],"curies":[{"name":"wp","href":"https:\/\/api.w.org\/{rel}","templated":true}]}}