{"id":627,"date":"2014-12-14T18:08:33","date_gmt":"2014-12-14T17:08:33","guid":{"rendered":"http:\/\/www.werkstaettchen.de\/wordpress\/?page_id=627"},"modified":"2022-05-31T21:44:17","modified_gmt":"2022-05-31T19:44:17","slug":"startseite-2","status":"publish","type":"page","link":"https:\/\/www.werkstaettchen.de\/wordpress\/","title":{"rendered":"Start"},"content":{"rendered":"\n<p><span style=\"color: #444444;\"><span style=\"font-family: Verdana, sans-serif;\"><span style=\"font-size: small;\">Herzlich willkommen im Internet-WERKST\u00c4TTCHEN! <\/span><\/span><\/span><br><br><span style=\"color: #444444;\"><span style=\"font-family: Verdana, sans-serif;\"><span style=\"font-size: small;\">Seit mehr als 10 Jahren arbeite ich im WERKST\u00c4TTCHEN mit sch\u00f6nen Stoffen und ausgew\u00e4hltem Holz. In den Rubriken &#8222;Stoffiges&#8220; und &#8222;Holziges&#8220; habe ich einige Informationen und Beschreibungen meiner kunsthandwerklichen Artikel zusammengefasst. Im &#8222;Fotoalbum&#8220; zeige ich Ihnen eine kleine Auswahl meiner Arbeiten, die ich unter anderem auch auf Kunsthandwerker-M\u00e4rkten verkaufe. Wo und wann, erfahren Sie in der Rubrik &#8222;Termine&#8220;.\u00a0<\/span><\/span><\/span><br><br><span style=\"color: #444444;\"><span style=\"font-family: Verdana, sans-serif;\"><span style=\"font-size: small;\">Selbstverst\u00e4ndlich fertige ich auch weiterhin gerne nach Ihren individuellen W\u00fcnschen oder Entw\u00fcrfen &#8211; sprechen Sie mich an oder schreiben Sie mir eine E-Mail.<br><br>Ich w\u00fcrde mich auch freuen, wenn Sie mich bei <u><a rel=\"noreferrer noopener\" href=\"https:\/\/www.facebook.com\/UlrikesWerkstaettchen\" data-type=\"URL\" data-id=\"https:\/\/www.facebook.com\/UlrikesWerkstaettchen\" target=\"_blank\">Facebook<\/a><\/u> und bei <u><a rel=\"noopener noreferrer\" href=\"https:\/\/www.instagram.com\/werkstaettchen\" target=\"_blank\">Instagram<\/a><\/u> besuchen und mir dort folgen w\u00fcrden. Neuigkeiten aus dem WERKST\u00c4TTCHEN erfahren Sie dort am schnellsten. \u00a0<br><br><span style=\"color: #444444;\"><span style=\"font-family: Verdana, sans-serif;\"><span style=\"font-size: small;\">Vielen Dank f\u00fcr Ihren Besuch auf meiner Homepage!<\/span><\/span><\/span><br><br><span style=\"color: #444444;\"><span style=\"font-family: Verdana, sans-serif;\"><span style=\"font-size: small;\">Ihre Ulrike Steinbrecher<\/span><\/span><\/span><\/span><\/span><\/span><\/p>\n\n\n\n<p><\/p>\n","protected":false},"excerpt":{"rendered":"<p>Herzlich willkommen im Internet-WERKST\u00c4TTCHEN! Seit mehr als 10 Jahren arbeite ich im WERKST\u00c4TTCHEN mit sch\u00f6nen Stoffen und ausgew\u00e4hltem Holz. In den Rubriken &#8222;Stoffiges&#8220; und &#8222;Holziges&#8220; habe ich einige Informationen und Beschreibungen meiner kunsthandwerklichen Artikel zusammengefasst. Im &#8222;Fotoalbum&#8220; zeige ich Ihnen &#8230; <a class=\"more-link\" href=\"https:\/\/www.werkstaettchen.de\/wordpress\/\">Read More &raquo;<\/a><\/p>\n","protected":false},"author":1,"featured_media":0,"parent":0,"menu_order":1,"comment_status":"closed","ping_status":"closed","template":"","meta":{"footnotes":""},"class_list":["post-627","page","type-page","status-publish","hentry"],"_links":{"self":[{"href":"https:\/\/www.werkstaettchen.de\/wordpress\/wp-json\/wp\/v2\/pages\/627","targetHints":{"allow":["GET"]}}],"collection":[{"href":"https:\/\/www.werkstaettchen.de\/wordpress\/wp-json\/wp\/v2\/pages"}],"about":[{"href":"https:\/\/www.werkstaettchen.de\/wordpress\/wp-json\/wp\/v2\/types\/page"}],"author":[{"embeddable":true,"href":"https:\/\/www.werkstaettchen.de\/wordpress\/wp-json\/wp\/v2\/users\/1"}],"replies":[{"embeddable":true,"href":"https:\/\/www.werkstaettchen.de\/wordpress\/wp-json\/wp\/v2\/comments?post=627"}],"version-history":[{"count":38,"href":"https:\/\/www.werkstaettchen.de\/wordpress\/wp-json\/wp\/v2\/pages\/627\/revisions"}],"predecessor-version":[{"id":1230,"href":"https:\/\/www.werkstaettchen.de\/wordpress\/wp-json\/wp\/v2\/pages\/627\/revisions\/1230"}],"wp:attachment":[{"href":"https:\/\/www.werkstaettchen.de\/wordpress\/wp-json\/wp\/v2\/media?parent=627"}],"curies":[{"name":"wp","href":"https:\/\/api.w.org\/{rel}","templated":true}]}}