{"id":197,"date":"2014-12-12T17:11:38","date_gmt":"2014-12-12T16:11:38","guid":{"rendered":"http:\/\/www.werkstaettchen.de\/wordpress\/?page_id=197"},"modified":"2020-03-31T21:49:39","modified_gmt":"2020-03-31T19:49:39","slug":"kontakt","status":"publish","type":"page","link":"https:\/\/www.werkstaettchen.de\/wordpress\/kontakt","title":{"rendered":"Kontakt"},"content":{"rendered":"<p><strong>WERKST\u00c4TTCHEN<\/strong><br \/>\n<strong> Ulrike Steinbrecher<\/strong><\/p>\n<p><strong>Adresse: Bornstra\u00dfe 17, 58791 Werdohl<\/strong><\/p>\n<p><strong>Telefon: (0 23 92) 49 38<\/strong><br \/>\n<strong> Telefax: (0 23 92) 50 77 65<\/strong><br \/>\n<strong> E-Mail: werkstaettchen-kunsthandwerk@gmx.de<\/strong><br \/>\n<strong> USt-IdNr.: DE184091311<\/strong><\/p>\n<hr>\n<p>http:\/\/www.werkstaettchen.de ist ein kommerzielles Angebot der Firma WERKST\u00c4TTCHEN.<br \/>\nInhaberin: Ulrike Steinbrecher.&nbsp;Verantwortlich f\u00fcr den Inhalt der Webseite: Ulrike Steinbrecher.<\/p>\n<hr>\n<p>Die Europ\u00e4ische Kommission stellt eine Plattform f\u00fcr die au\u00dfergerichtliche Online-Streitbeilegung (OS-Plattform) bereit, die unter <a href=\"https:\/\/www.ec.europa.eu\/consumers\/odr\" target=\"_blank\" rel=\"noopener noreferrer\">https:\/\/www.ec.europa.eu\/consumers\/odr<\/a> aufrufbar ist. Unsere E-Mail-Adresse finden Sie auf unserer Kontakt-Seite. Wir sind weder verpflichtet noch bereit, an dem Streitschlichtungsverfahren teilzunehmen.<\/p>\n","protected":false},"excerpt":{"rendered":"<p>WERKST\u00c4TTCHEN Ulrike Steinbrecher Adresse: Bornstra\u00dfe 17, 58791 Werdohl Telefon: (0 23 92) 49 38 Telefax: (0 23 92) 50 77 65 E-Mail: werkstaettchen-kunsthandwerk@gmx.de USt-IdNr.: DE184091311 http:\/\/www.werkstaettchen.de ist ein kommerzielles Angebot der Firma WERKST\u00c4TTCHEN. Inhaberin: Ulrike Steinbrecher.&nbsp;Verantwortlich f\u00fcr den Inhalt der &#8230; <a class=\"more-link\" href=\"https:\/\/www.werkstaettchen.de\/wordpress\/kontakt\">Read More &raquo;<\/a><\/p>\n","protected":false},"author":1,"featured_media":0,"parent":0,"menu_order":7,"comment_status":"closed","ping_status":"closed","template":"no-sidebar.php","meta":{"footnotes":""},"class_list":["post-197","page","type-page","status-publish","hentry"],"_links":{"self":[{"href":"https:\/\/www.werkstaettchen.de\/wordpress\/wp-json\/wp\/v2\/pages\/197","targetHints":{"allow":["GET"]}}],"collection":[{"href":"https:\/\/www.werkstaettchen.de\/wordpress\/wp-json\/wp\/v2\/pages"}],"about":[{"href":"https:\/\/www.werkstaettchen.de\/wordpress\/wp-json\/wp\/v2\/types\/page"}],"author":[{"embeddable":true,"href":"https:\/\/www.werkstaettchen.de\/wordpress\/wp-json\/wp\/v2\/users\/1"}],"replies":[{"embeddable":true,"href":"https:\/\/www.werkstaettchen.de\/wordpress\/wp-json\/wp\/v2\/comments?post=197"}],"version-history":[{"count":20,"href":"https:\/\/www.werkstaettchen.de\/wordpress\/wp-json\/wp\/v2\/pages\/197\/revisions"}],"predecessor-version":[{"id":1032,"href":"https:\/\/www.werkstaettchen.de\/wordpress\/wp-json\/wp\/v2\/pages\/197\/revisions\/1032"}],"wp:attachment":[{"href":"https:\/\/www.werkstaettchen.de\/wordpress\/wp-json\/wp\/v2\/media?parent=197"}],"curies":[{"name":"wp","href":"https:\/\/api.w.org\/{rel}","templated":true}]}}