{"id":187,"date":"2014-12-12T16:58:08","date_gmt":"2014-12-12T15:58:08","guid":{"rendered":"http:\/\/www.werkstaettchen.de\/wordpress\/?page_id=187"},"modified":"2020-04-02T23:43:57","modified_gmt":"2020-04-02T21:43:57","slug":"holziges","status":"publish","type":"page","link":"https:\/\/www.werkstaettchen.de\/wordpress\/holziges","title":{"rendered":"Holziges"},"content":{"rendered":"<p><span style=\"color: #000000;\"><span style=\"font-family: Verdana, sans-serif;\"><span style=\"font-size: small;\"><span style=\"font-family: Verdana;\"><span style=\"font-size: small;\"><b>Figuren<\/b><\/span><\/span><span style=\"font-family: Verdana;\"><span style=\"font-size: small;\"><br \/>\n<\/span><\/span><span style=\"font-family: Verdana;\"><span style=\"font-size: xx-small;\"><br \/>\n<\/span><\/span><span style=\"font-family: Verdana;\"><span style=\"font-size: small;\">F\u00fcr die Osterzeit ein stolzer Hahn,<br \/>\nf\u00fcr die Sommerzeit Raben, die Kirschen stibitzen,<br \/>\nim Winter Engel und Weihnachtsm\u00e4nner.<\/span><\/span><\/span><\/span><\/span><\/p>\n<p><span style=\"font-family: Verdana;\"><span style=\"font-size: small;\"><b>Rahmen<\/b><\/span><\/span><span style=\"font-family: Verdana;\"><span style=\"font-size: small;\"><br \/>\n<\/span><\/span><span style=\"font-family: Verdana;\"><span style=\"font-size: xx-small;\"><br \/>\n<\/span><\/span><span style=\"font-family: Verdana;\"><span style=\"font-size: small;\">Die Rahmen sind auch nach den Jahreszeiten gestaltet:<br \/>\nzur Osterzeit ein Hasenp\u00e4rchen,<br \/>\nf\u00fcr Weihnachten ein Hirte mit Schafen,<br \/>\nf\u00fcr\u00a0Fr\u00fchling und Sommer Meisenp\u00e4rchen oder Zaunk\u00f6nige.<br \/>\nOder ganz neutral: etwas Maritimes.<\/span><\/span><\/p>\n<p><span style=\"color: #000000;\"><span style=\"font-family: Verdana, sans-serif;\"><span style=\"font-size: small;\"><span style=\"font-family: Verdana;\"><span style=\"font-size: small;\">Die Teile werden sorgf\u00e4ltig aus unterschiedlichen Holzarten gearbeitet und liebevoll dekoriert.<br \/>\nSie sind in verschiedenen Ausf\u00fchrungen und Gr\u00f6\u00dfen erh\u00e4ltlich.<\/span><\/span><\/span><\/span><\/span><\/p>\n<p><span style=\"color: #000000;\"><span style=\"font-family: Verdana, sans-serif;\"><span style=\"font-size: small;\"><span style=\"font-family: Verdana;\"><span style=\"font-size: small;\">Gesch\u00e4ftszeiten, Liefertermine und Preise nach Absprache bzw. auf Anfrage.<\/span><\/span><\/span><\/span><\/span><\/p>\n","protected":false},"excerpt":{"rendered":"<p>Figuren F\u00fcr die Osterzeit ein stolzer Hahn, f\u00fcr die Sommerzeit Raben, die Kirschen stibitzen, im Winter Engel und Weihnachtsm\u00e4nner. Rahmen Die Rahmen sind auch nach den Jahreszeiten gestaltet: zur Osterzeit ein Hasenp\u00e4rchen, f\u00fcr Weihnachten ein Hirte mit Schafen, f\u00fcr\u00a0Fr\u00fchling und &#8230; <a class=\"more-link\" href=\"https:\/\/www.werkstaettchen.de\/wordpress\/holziges\">Read More &raquo;<\/a><\/p>\n","protected":false},"author":1,"featured_media":0,"parent":0,"menu_order":3,"comment_status":"closed","ping_status":"closed","template":"no-sidebar.php","meta":{"footnotes":""},"class_list":["post-187","page","type-page","status-publish","hentry"],"_links":{"self":[{"href":"https:\/\/www.werkstaettchen.de\/wordpress\/wp-json\/wp\/v2\/pages\/187","targetHints":{"allow":["GET"]}}],"collection":[{"href":"https:\/\/www.werkstaettchen.de\/wordpress\/wp-json\/wp\/v2\/pages"}],"about":[{"href":"https:\/\/www.werkstaettchen.de\/wordpress\/wp-json\/wp\/v2\/types\/page"}],"author":[{"embeddable":true,"href":"https:\/\/www.werkstaettchen.de\/wordpress\/wp-json\/wp\/v2\/users\/1"}],"replies":[{"embeddable":true,"href":"https:\/\/www.werkstaettchen.de\/wordpress\/wp-json\/wp\/v2\/comments?post=187"}],"version-history":[{"count":8,"href":"https:\/\/www.werkstaettchen.de\/wordpress\/wp-json\/wp\/v2\/pages\/187\/revisions"}],"predecessor-version":[{"id":1117,"href":"https:\/\/www.werkstaettchen.de\/wordpress\/wp-json\/wp\/v2\/pages\/187\/revisions\/1117"}],"wp:attachment":[{"href":"https:\/\/www.werkstaettchen.de\/wordpress\/wp-json\/wp\/v2\/media?parent=187"}],"curies":[{"name":"wp","href":"https:\/\/api.w.org\/{rel}","templated":true}]}}