{"id":177,"date":"2014-12-12T16:40:06","date_gmt":"2014-12-12T15:40:06","guid":{"rendered":"http:\/\/www.werkstaettchen.de\/wordpress\/?page_id=177"},"modified":"2020-03-31T21:48:30","modified_gmt":"2020-03-31T19:48:30","slug":"stoffiges","status":"publish","type":"page","link":"https:\/\/www.werkstaettchen.de\/wordpress\/stoffiges","title":{"rendered":"Stoffiges"},"content":{"rendered":"<p><span style=\"color: #000000;\"><span style=\"font-family: Verdana, sans-serif;\"><span style=\"font-size: small;\"><b>Taschen<\/b><\/span><\/span><\/span><\/p>\n<p><span style=\"color: #000000;\"><span style=\"font-family: Verdana, sans-serif;\"><span style=\"font-size: small;\">Die Taschen sind gr\u00f6\u00dftenteils aus Baumwollstoff gen\u00e4ht. Ich verwende aber auch gerne Seide und edles Leinen. Viele Tasche haben&nbsp;&nbsp; zukn\u00f6pfbare Innen- und\/oder Au\u00dfentaschen, wobei die Kn\u00f6pfe entweder passend zu den verwendeten Stoffen selbst bezogen wurden oder besonders sch\u00f6ne, extra ausgesuchte und oft handgefertigte Exemplare sind. Manche Au\u00dfentasche ist mit Applikationen verziert.<\/span><\/span><\/span><\/p>\n<p><span style=\"color: #000000;\"><span style=\"font-family: Verdana, sans-serif;\"><span style=\"font-size: small;\">Ihre Farb- und Gestaltungsw\u00fcnsche k\u00f6nnen selbstverst\u00e4ndlich ber\u00fccksichtigt werden, ebenso die L\u00e4nge der Tr\u00e4ger. Zumeist n\u00e4he ich die Tr\u00e4ger so lang, dass man die Tasche bequem \u00fcber die Schulter h\u00e4ngen kann.<\/span><\/span><\/span><\/p>\n<p><span style=\"color: #000000;\"><span style=\"font-family: Verdana, sans-serif;\"><span style=\"font-size: small;\"><b>Quilts<\/b><\/span><\/span><\/span><\/p>\n<p><span style=\"color: #000000;\"><span style=\"font-family: Verdana, sans-serif;\"><span style=\"font-size: small;\">Quilts sind Wandbeh\u00e4nge, gro\u00df und klein, oder auch Kuscheldecken. Sie bestehen aus einem Oberteil (Patchwork), einer F\u00fcllung und einer unteren Stofflage. Diese drei &#8222;Schichten&#8220; werden mit Vorstichen von Hand oder mit der Maschine miteinander verbunden, das ist das Quilten. Eine sehr traditionelle Handarbeit, die aus der Not geboren wurde und sich durch viele Jahre zu einer Kunstform entwickelt hat.<\/span><\/span><\/span><\/p>\n<p><span style=\"color: #000000;\"><span style=\"font-family: Verdana, sans-serif;\"><span style=\"font-size: small;\"><b>Kissen<\/b><\/span><\/span><\/span><\/p>\n<p><span style=\"color: #000000;\"><span style=\"font-family: Verdana, sans-serif;\"><span style=\"font-size: small;\">Kissen sind in unterschiedlichen Abmessungen und mit Federf\u00fcllung erh\u00e4ltlich. Auch hier verwende ich am liebsten vorgewaschene Baumwollstoffe oder Leinen. Die kleinen Kissen sind als Kuschelkissen besonders bei Kindern beliebt.<\/span><\/span><\/span><\/p>\n<p><span style=\"color: #000000;\"><span style=\"font-family: Verdana, sans-serif;\"><span style=\"font-size: small;\"><b>Tischdecken<\/b><\/span><\/span><\/span><\/p>\n<p><span style=\"color: #000000;\"><span style=\"font-family: Verdana, sans-serif;\"><span style=\"font-size: small;\">Tischdecken und Sets verziere ich gerne mit passenden Webb\u00e4ndern der Dipl.-Designerin Frauke Kafka. Die Musterpalette ist vielf\u00e4ltig. Es gibt sehr sch\u00f6ne Weihnachtsb\u00e4nder und neutrale B\u00e4nder mit z. B. Marienk\u00e4ferchen, Vergissmeinnicht und Kapuzinerkresse.<\/span><\/span><\/span><\/p>\n<p><span style=\"color: #000000;\"><span style=\"font-family: Verdana, sans-serif;\"><span style=\"font-size: small;\"><b>Sonstiges<\/b><\/span><\/span><\/span><\/p>\n<p><span style=\"color: #000000;\"><span style=\"font-family: Verdana, sans-serif;\"><span style=\"font-size: small;\">Hier gibt es viele sch\u00f6ne Kleinigkeiten &#8211; zur Dekoration, aber auch zum Nutzen, z. B. Stoffherzen f\u00fcr die Filtert\u00fcten, Lavendelduftbeutel f\u00fcr den Kleiderschrank (gut gegen Motten) und liebevoll gefertigte Stoff\u00e4pfel und K\u00fcrbisse (besonders sch\u00f6n f\u00fcr herbstliche Dekorationen).<\/span><\/span><\/span><\/p>\n<p><span style=\"color: #000000;\"><span style=\"font-family: Verdana, sans-serif;\"><span style=\"font-size: small;\">Gesch\u00e4ftszeiten, Lieferzeiten und Preise nach Absprache bzw. auf Anfrage.<\/span><\/span><\/span><\/p>\n","protected":false},"excerpt":{"rendered":"<p>Taschen Die Taschen sind gr\u00f6\u00dftenteils aus Baumwollstoff gen\u00e4ht. Ich verwende aber auch gerne Seide und edles Leinen. Viele Tasche haben&nbsp;&nbsp; zukn\u00f6pfbare Innen- und\/oder Au\u00dfentaschen, wobei die Kn\u00f6pfe entweder passend zu den verwendeten Stoffen selbst bezogen wurden oder besonders sch\u00f6ne, extra &#8230; <a class=\"more-link\" href=\"https:\/\/www.werkstaettchen.de\/wordpress\/stoffiges\">Read More &raquo;<\/a><\/p>\n","protected":false},"author":1,"featured_media":0,"parent":0,"menu_order":2,"comment_status":"closed","ping_status":"closed","template":"no-sidebar.php","meta":{"footnotes":""},"class_list":["post-177","page","type-page","status-publish","hentry"],"_links":{"self":[{"href":"https:\/\/www.werkstaettchen.de\/wordpress\/wp-json\/wp\/v2\/pages\/177","targetHints":{"allow":["GET"]}}],"collection":[{"href":"https:\/\/www.werkstaettchen.de\/wordpress\/wp-json\/wp\/v2\/pages"}],"about":[{"href":"https:\/\/www.werkstaettchen.de\/wordpress\/wp-json\/wp\/v2\/types\/page"}],"author":[{"embeddable":true,"href":"https:\/\/www.werkstaettchen.de\/wordpress\/wp-json\/wp\/v2\/users\/1"}],"replies":[{"embeddable":true,"href":"https:\/\/www.werkstaettchen.de\/wordpress\/wp-json\/wp\/v2\/comments?post=177"}],"version-history":[{"count":8,"href":"https:\/\/www.werkstaettchen.de\/wordpress\/wp-json\/wp\/v2\/pages\/177\/revisions"}],"predecessor-version":[{"id":1030,"href":"https:\/\/www.werkstaettchen.de\/wordpress\/wp-json\/wp\/v2\/pages\/177\/revisions\/1030"}],"wp:attachment":[{"href":"https:\/\/www.werkstaettchen.de\/wordpress\/wp-json\/wp\/v2\/media?parent=177"}],"curies":[{"name":"wp","href":"https:\/\/api.w.org\/{rel}","templated":true}]}}